{"id":559,"date":"2025-03-03T18:23:08","date_gmt":"2025-03-03T18:23:08","guid":{"rendered":"https:\/\/centurymold.com\/?page_id=559"},"modified":"2025-09-08T12:54:00","modified_gmt":"2025-09-08T12:54:00","slug":"accessibility","status":"publish","type":"page","link":"https:\/\/centurymold.com\/es\/accessibility\/","title":{"rendered":"Accesibilidad"},"content":{"rendered":"<div data-elementor-type=\"wp-page\" data-elementor-id=\"559\" class=\"elementor elementor-559\" data-elementor-post-type=\"page\">\n\t\t\t\t<div class=\"elementor-element elementor-element-280308db e-con-full e-flex elementor-invisible e-con e-parent\" data-id=\"280308db\" data-element_type=\"container\" data-e-type=\"container\" data-settings=\"{&quot;background_background&quot;:&quot;classic&quot;,&quot;position&quot;:&quot;fixed&quot;,&quot;motion_fx_motion_fx_scrolling&quot;:&quot;yes&quot;,&quot;sticky&quot;:&quot;top&quot;,&quot;animation&quot;:&quot;slideInDown&quot;,&quot;motion_fx_devices&quot;:[&quot;desktop&quot;,&quot;tablet&quot;,&quot;mobile&quot;],&quot;sticky_on&quot;:[&quot;desktop&quot;,&quot;tablet&quot;,&quot;mobile&quot;],&quot;sticky_offset&quot;:0,&quot;sticky_effects_offset&quot;:0,&quot;sticky_anchor_link_offset&quot;:0}\">\n\t\t\t\t<div class=\"elementor-element elementor-element-1538f6eb elementor-widget elementor-widget-image\" data-id=\"1538f6eb\" data-element_type=\"widget\" data-e-type=\"widget\" data-widget_type=\"image.default\">\n\t\t\t\t<div class=\"elementor-widget-container\">\n\t\t\t\t\t\t\t\t\t\t\t\t\t\t\t<img decoding=\"async\" width=\"350\" height=\"50\" src=\"https:\/\/centurymold.com\/wp-content\/uploads\/2025\/01\/CM_Logo_Horizontal-new-white2.png\" class=\"attachment-full size-full wp-image-81\" alt=\"\" srcset=\"https:\/\/centurymold.com\/wp-content\/uploads\/2025\/01\/CM_Logo_Horizontal-new-white2.png 350w, https:\/\/centurymold.com\/wp-content\/uploads\/2025\/01\/CM_Logo_Horizontal-new-white2-300x43.png 300w\" sizes=\"(max-width: 350px) 100vw, 350px\" \/>\t\t\t\t\t\t\t\t\t\t\t\t\t\t\t<\/div>\n\t\t\t\t<\/div>\n\t\t\t\t<div class=\"elementor-element elementor-element-1e7df3d elementor-nav-menu--stretch elementor-nav-menu--dropdown-tablet elementor-nav-menu__text-align-aside elementor-nav-menu--toggle elementor-nav-menu--burger elementor-widget elementor-widget-nav-menu\" data-id=\"1e7df3d\" data-element_type=\"widget\" data-e-type=\"widget\" data-settings=\"{&quot;full_width&quot;:&quot;stretch&quot;,&quot;layout&quot;:&quot;horizontal&quot;,&quot;submenu_icon&quot;:{&quot;value&quot;:&quot;&lt;svg aria-hidden=\\&quot;true\\&quot; class=\\&quot;e-font-icon-svg e-fas-caret-down\\&quot; viewBox=\\&quot;0 0 320 512\\&quot; xmlns=\\&quot;http:\\\/\\\/www.w3.org\\\/2000\\\/svg\\&quot;&gt;&lt;path d=\\&quot;M31.3 192h257.3c17.8 0 26.7 21.5 14.1 34.1L174.1 354.8c-7.8 7.8-20.5 7.8-28.3 0L17.2 226.1C4.6 213.5 13.5 192 31.3 192z\\&quot;&gt;&lt;\\\/path&gt;&lt;\\\/svg&gt;&quot;,&quot;library&quot;:&quot;fa-solid&quot;},&quot;toggle&quot;:&quot;burger&quot;}\" data-widget_type=\"nav-menu.default\">\n\t\t\t\t<div class=\"elementor-widget-container\">\n\t\t\t\t\t\t\t\t<nav aria-label=\"Men\u00fa\" class=\"elementor-nav-menu--main elementor-nav-menu__container elementor-nav-menu--layout-horizontal e--pointer-none\">\n\t\t\t\t<ul id=\"menu-1-1e7df3d\" class=\"elementor-nav-menu\"><li class=\"menu-item menu-item-type-custom menu-item-object-custom menu-item-has-children menu-item-1110\"><a href=\"#\" class=\"elementor-item elementor-item-anchor\">Mercados<\/a>\n<ul class=\"sub-menu elementor-nav-menu--dropdown\">\n\t<li class=\"menu-item menu-item-type-post_type menu-item-object-page menu-item-1114\"><a href=\"https:\/\/centurymold.com\/es\/automotive\/\" class=\"elementor-sub-item\">Automotriz<\/a><\/li>\n\t<li class=\"menu-item menu-item-type-post_type menu-item-object-page menu-item-1115\"><a href=\"https:\/\/centurymold.com\/es\/defense\/\" class=\"elementor-sub-item\">Defensa<\/a><\/li>\n\t<li class=\"menu-item menu-item-type-post_type menu-item-object-page menu-item-1116\"><a href=\"https:\/\/centurymold.com\/es\/industrial-consumer\/\" class=\"elementor-sub-item\">Industria y consumo<\/a><\/li>\n<\/ul>\n<\/li>\n<li class=\"menu-item menu-item-type-post_type menu-item-object-page menu-item-1122\"><a href=\"https:\/\/centurymold.com\/es\/capabilities\/\" class=\"elementor-item\">CAPACIDADES<\/a><\/li>\n<li class=\"menu-item menu-item-type-custom menu-item-object-custom menu-item-has-children menu-item-1112\"><a href=\"#\" class=\"elementor-item elementor-item-anchor\">Recursos<\/a>\n<ul class=\"sub-menu elementor-nav-menu--dropdown\">\n\t<li class=\"menu-item menu-item-type-post_type menu-item-object-page menu-item-1117\"><a href=\"https:\/\/centurymold.com\/es\/news\/\" class=\"elementor-sub-item\">Noticias<\/a><\/li>\n\t<li class=\"menu-item menu-item-type-post_type menu-item-object-page menu-item-1118\"><a href=\"https:\/\/centurymold.com\/es\/videos\/\" class=\"elementor-sub-item\">V\u00eddeos<\/a><\/li>\n<\/ul>\n<\/li>\n<li class=\"menu-item menu-item-type-custom menu-item-object-custom menu-item-has-children menu-item-1113\"><a href=\"#\" class=\"elementor-item elementor-item-anchor\">Empresa<\/a>\n<ul class=\"sub-menu elementor-nav-menu--dropdown\">\n\t<li class=\"menu-item menu-item-type-post_type menu-item-object-page menu-item-1274\"><a href=\"https:\/\/centurymold.com\/es\/about-us\/\" class=\"elementor-sub-item\">Sobre nosotros<\/a><\/li>\n\t<li class=\"menu-item menu-item-type-post_type menu-item-object-page menu-item-1120\"><a href=\"https:\/\/centurymold.com\/es\/locations\/\" class=\"elementor-sub-item\">UBICACIONES<\/a><\/li>\n\t<li class=\"menu-item menu-item-type-post_type menu-item-object-page menu-item-1119\"><a href=\"https:\/\/centurymold.com\/es\/careers\/\" class=\"elementor-sub-item\">Carreras profesionales<\/a><\/li>\n<\/ul>\n<\/li>\n<li class=\"menu-item menu-item-type-post_type menu-item-object-page menu-item-1121\"><a href=\"https:\/\/centurymold.com\/es\/contact-us\/\" class=\"elementor-item\">Contacte con nosotros<\/a><\/li>\n<\/ul>\t\t\t<\/nav>\n\t\t\t\t\t<div class=\"elementor-menu-toggle\" role=\"button\" tabindex=\"0\" aria-label=\"Men\u00fa Toggle\" aria-expanded=\"false\">\n\t\t\t<svg aria-hidden=\"true\" role=\"presentation\" class=\"elementor-menu-toggle__icon--open e-font-icon-svg e-eicon-menu-bar\" viewbox=\"0 0 1000 1000\" xmlns=\"http:\/\/www.w3.org\/2000\/svg\"><path d=\"M104 333H896C929 333 958 304 958 271S929 208 896 208H104C71 208 42 237 42 271S71 333 104 333ZM104 583H896C929 583 958 554 958 521S929 458 896 458H104C71 458 42 487 42 521S71 583 104 583ZM104 833H896C929 833 958 804 958 771S929 708 896 708H104C71 708 42 737 42 771S71 833 104 833Z\"><\/path><\/svg><svg aria-hidden=\"true\" role=\"presentation\" class=\"elementor-menu-toggle__icon--close e-font-icon-svg e-eicon-close\" viewbox=\"0 0 1000 1000\" xmlns=\"http:\/\/www.w3.org\/2000\/svg\"><path d=\"M742 167L500 408 258 167C246 154 233 150 217 150 196 150 179 158 167 167 154 179 150 196 150 212 150 229 154 242 171 254L408 500 167 742C138 771 138 800 167 829 196 858 225 858 254 829L496 587 738 829C750 842 767 846 783 846 800 846 817 842 829 829 842 817 846 804 846 783 846 767 842 750 829 737L588 500 833 258C863 229 863 200 833 171 804 137 775 137 742 167Z\"><\/path><\/svg>\t\t<\/div>\n\t\t\t\t\t<nav class=\"elementor-nav-menu--dropdown elementor-nav-menu__container\" aria-hidden=\"true\">\n\t\t\t\t<ul id=\"menu-2-1e7df3d\" class=\"elementor-nav-menu\"><li class=\"menu-item menu-item-type-custom menu-item-object-custom menu-item-has-children menu-item-1110\"><a href=\"#\" class=\"elementor-item elementor-item-anchor\" tabindex=\"-1\">Mercados<\/a>\n<ul class=\"sub-menu elementor-nav-menu--dropdown\">\n\t<li class=\"menu-item menu-item-type-post_type menu-item-object-page menu-item-1114\"><a href=\"https:\/\/centurymold.com\/es\/automotive\/\" class=\"elementor-sub-item\" tabindex=\"-1\">Automotriz<\/a><\/li>\n\t<li class=\"menu-item menu-item-type-post_type menu-item-object-page menu-item-1115\"><a href=\"https:\/\/centurymold.com\/es\/defense\/\" class=\"elementor-sub-item\" tabindex=\"-1\">Defensa<\/a><\/li>\n\t<li class=\"menu-item menu-item-type-post_type menu-item-object-page menu-item-1116\"><a href=\"https:\/\/centurymold.com\/es\/industrial-consumer\/\" class=\"elementor-sub-item\" tabindex=\"-1\">Industria y consumo<\/a><\/li>\n<\/ul>\n<\/li>\n<li class=\"menu-item menu-item-type-post_type menu-item-object-page menu-item-1122\"><a href=\"https:\/\/centurymold.com\/es\/capabilities\/\" class=\"elementor-item\" tabindex=\"-1\">CAPACIDADES<\/a><\/li>\n<li class=\"menu-item menu-item-type-custom menu-item-object-custom menu-item-has-children menu-item-1112\"><a href=\"#\" class=\"elementor-item elementor-item-anchor\" tabindex=\"-1\">Recursos<\/a>\n<ul class=\"sub-menu elementor-nav-menu--dropdown\">\n\t<li class=\"menu-item menu-item-type-post_type menu-item-object-page menu-item-1117\"><a href=\"https:\/\/centurymold.com\/es\/news\/\" class=\"elementor-sub-item\" tabindex=\"-1\">Noticias<\/a><\/li>\n\t<li class=\"menu-item menu-item-type-post_type menu-item-object-page menu-item-1118\"><a href=\"https:\/\/centurymold.com\/es\/videos\/\" class=\"elementor-sub-item\" tabindex=\"-1\">V\u00eddeos<\/a><\/li>\n<\/ul>\n<\/li>\n<li class=\"menu-item menu-item-type-custom menu-item-object-custom menu-item-has-children menu-item-1113\"><a href=\"#\" class=\"elementor-item elementor-item-anchor\" tabindex=\"-1\">Empresa<\/a>\n<ul class=\"sub-menu elementor-nav-menu--dropdown\">\n\t<li class=\"menu-item menu-item-type-post_type menu-item-object-page menu-item-1274\"><a href=\"https:\/\/centurymold.com\/es\/about-us\/\" class=\"elementor-sub-item\" tabindex=\"-1\">Sobre nosotros<\/a><\/li>\n\t<li class=\"menu-item menu-item-type-post_type menu-item-object-page menu-item-1120\"><a href=\"https:\/\/centurymold.com\/es\/locations\/\" class=\"elementor-sub-item\" tabindex=\"-1\">UBICACIONES<\/a><\/li>\n\t<li class=\"menu-item menu-item-type-post_type menu-item-object-page menu-item-1119\"><a href=\"https:\/\/centurymold.com\/es\/careers\/\" class=\"elementor-sub-item\" tabindex=\"-1\">Carreras profesionales<\/a><\/li>\n<\/ul>\n<\/li>\n<li class=\"menu-item menu-item-type-post_type menu-item-object-page menu-item-1121\"><a href=\"https:\/\/centurymold.com\/es\/contact-us\/\" class=\"elementor-item\" tabindex=\"-1\">Contacte con nosotros<\/a><\/li>\n<\/ul>\t\t\t<\/nav>\n\t\t\t\t\t\t<\/div>\n\t\t\t\t<\/div>\n\t\t\t\t<\/div>\n\t\t<div class=\"elementor-element elementor-element-391daa51 e-flex e-con-boxed e-con e-parent\" data-id=\"391daa51\" data-element_type=\"container\" data-e-type=\"container\">\n\t\t\t\t\t<div class=\"e-con-inner\">\n\t\t\t\t<div class=\"elementor-element elementor-element-779ccb3d elementor-widget elementor-widget-heading\" data-id=\"779ccb3d\" data-element_type=\"widget\" data-e-type=\"widget\" data-widget_type=\"heading.default\">\n\t\t\t\t<div class=\"elementor-widget-container\">\n\t\t\t\t\t<h1 class=\"elementor-heading-title elementor-size-default\">Accesibilidad<\/h1>\t\t\t\t<\/div>\n\t\t\t\t<\/div>\n\t\t\t\t\t<\/div>\n\t\t\t\t<\/div>\n\t\t<div class=\"elementor-element elementor-element-3639e8a5 e-flex e-con-boxed e-con e-parent\" data-id=\"3639e8a5\" data-element_type=\"container\" data-e-type=\"container\">\n\t\t\t\t\t<div class=\"e-con-inner\">\n\t\t\t\t<div class=\"elementor-element elementor-element-313c5ff elementor-widget elementor-widget-text-editor\" data-id=\"313c5ff\" data-element_type=\"widget\" data-e-type=\"widget\" data-widget_type=\"text-editor.default\">\n\t\t\t\t<div class=\"elementor-widget-container\">\n\t\t\t\t\t\t\t\t\t<p>Actualizado: Diciembre 2019.<\/p><h2>General<\/h2><p>centurymold.com se esfuerza por garantizar que sus servicios sean accesibles a las personas con discapacidad. centurymold.com ha invertido una cantidad significativa de recursos para ayudar a garantizar que su sitio web sea m\u00e1s f\u00e1cil de usar y m\u00e1s accesible para las personas con discapacidad, con la firme convicci\u00f3n de que toda persona tiene derecho a vivir con dignidad, igualdad, comodidad e independencia.<\/p><h2>Accesibilidad en centurymold.com<\/h2><p>centurymold.com pone a su disposici\u00f3n el <a title=\"Widget gratuito de accesibilidad del sitio web\" href=\"https:\/\/UserWay.org\">Widget de accesibilidad del sitio web UserWay<\/a> que funciona con un servidor dedicado a la accesibilidad. El software permite a centurymold.com mejorar su cumplimiento de las Pautas de Accesibilidad al Contenido en la Web (WCAG 2.1).<\/p><h2>Activar el men\u00fa de accesibilidad<\/h2><p>El men\u00fa de accesibilidad de centurymold.com puede activarse haciendo clic en el icono del men\u00fa de accesibilidad que aparece en la esquina de la p\u00e1gina. Despu\u00e9s de activar el men\u00fa de accesibilidad, espere un momento a que el men\u00fa de accesibilidad se cargue por completo.<\/p><h2>Descargo de responsabilidad<\/h2><p>centurymold.com sigue esforz\u00e1ndose por mejorar constantemente la accesibilidad de su sitio web y sus servicios, con la convicci\u00f3n de que es nuestra obligaci\u00f3n moral colectiva permitir un uso fluido, accesible y sin trabas tambi\u00e9n a quienes tenemos alguna discapacidad.<\/p><p>A pesar de nuestros esfuerzos por hacer que todas las p\u00e1ginas y contenidos de centurymold.com sean plenamente accesibles, es posible que algunos contenidos a\u00fan no est\u00e9n totalmente adaptados a las normas de accesibilidad m\u00e1s estrictas. Esto puede ser consecuencia de no haber encontrado o identificado la soluci\u00f3n tecnol\u00f3gica m\u00e1s adecuada.<\/p><h2>Aqu\u00ed para ti<\/h2><p>Si tiene dificultades con alg\u00fan contenido de centurymold.com o necesita ayuda con alguna parte de nuestro sitio, p\u00f3ngase en contacto con nosotros durante el horario laboral habitual que se detalla a continuaci\u00f3n y estaremos encantados de ayudarle.<\/p><h2>Contacte con nosotros<\/h2><p>Si desea informar de un problema de accesibilidad, tiene alguna pregunta o necesita ayuda, p\u00f3ngase en contacto con el Servicio de Atenci\u00f3n al Cliente de centurymold.com de la siguiente manera:<\/p><p>Correo electr\u00f3nico: <a href=\"mailto:j.ricotta@centurymold.com\">j.ricotta@centurymold.com<\/a><\/p>\t\t\t\t\t\t\t\t<\/div>\n\t\t\t\t<\/div>\n\t\t\t\t\t<\/div>\n\t\t\t\t<\/div>\n\t\t\t\t<\/div>","protected":false},"excerpt":{"rendered":"<p>Accesibilidad Actualizado: Diciembre 2019. Generalidades centurymold.com se esfuerza por garantizar que sus servicios sean accesibles para las personas con discapacidad. centurymold.com ha invertido una cantidad significativa de recursos para ayudar a garantizar que su sitio web sea m\u00e1s f\u00e1cil de usar y m\u00e1s accesible para las personas con discapacidad, con la firme convicci\u00f3n de que toda persona tiene derecho a [...]<\/p>","protected":false},"author":2,"featured_media":0,"parent":0,"menu_order":0,"comment_status":"closed","ping_status":"closed","template":"","meta":{"content-type":"","footnotes":""},"class_list":["post-559","page","type-page","status-publish","hentry"],"_links":{"self":[{"href":"https:\/\/centurymold.com\/es\/wp-json\/wp\/v2\/pages\/559","targetHints":{"allow":["GET"]}}],"collection":[{"href":"https:\/\/centurymold.com\/es\/wp-json\/wp\/v2\/pages"}],"about":[{"href":"https:\/\/centurymold.com\/es\/wp-json\/wp\/v2\/types\/page"}],"author":[{"embeddable":true,"href":"https:\/\/centurymold.com\/es\/wp-json\/wp\/v2\/users\/2"}],"replies":[{"embeddable":true,"href":"https:\/\/centurymold.com\/es\/wp-json\/wp\/v2\/comments?post=559"}],"version-history":[{"count":7,"href":"https:\/\/centurymold.com\/es\/wp-json\/wp\/v2\/pages\/559\/revisions"}],"predecessor-version":[{"id":1234,"href":"https:\/\/centurymold.com\/es\/wp-json\/wp\/v2\/pages\/559\/revisions\/1234"}],"wp:attachment":[{"href":"https:\/\/centurymold.com\/es\/wp-json\/wp\/v2\/media?parent=559"}],"curies":[{"name":"wp","href":"https:\/\/api.w.org\/{rel}","templated":true}]}}